{"id":15448,"date":"2017-07-10T10:14:30","date_gmt":"2017-07-10T13:14:30","guid":{"rendered":"http:\/\/cachacabocaina.com.br\/bocaina\/?page_id=15448"},"modified":"2022-06-27T21:20:05","modified_gmt":"2022-06-28T00:20:05","slug":"nossa-cachaca","status":"publish","type":"page","link":"https:\/\/www.cachacabocaina.com.br\/bocaina\/nossa-cachaca\/","title":{"rendered":"Nossa cacha\u00e7a"},"content":{"rendered":"<p>[vc_row css_animation=&#8221;&#8221; row_type=&#8221;row&#8221; use_row_as_full_screen_section=&#8221;no&#8221; type=&#8221;full_width&#8221; angled_section=&#8221;no&#8221; text_align=&#8221;left&#8221; background_image_as_pattern=&#8221;without_pattern&#8221; css=&#8221;.vc_custom_1589611275185{padding-top: 75px !important;padding-bottom: 75px !important;}&#8221; z_index=&#8221;&#8221;][vc_column][vc_row_inner row_type=&#8221;row&#8221; type=&#8221;grid&#8221; text_align=&#8221;left&#8221; css_animation=&#8221;&#8221;][vc_column_inner width=&#8221;1\/6&#8243; offset=&#8221;vc_hidden-xs&#8221;][\/vc_column_inner][vc_column_inner width=&#8221;2\/3&#8243;][vc_column_text]<\/p>\n<h2>Hist\u00f3ria<\/h2>\n<p>Aproveitando o reconhecimento da cacha\u00e7a como bebida genuinamente brasileira e, o momento que esse destilado deixa de ser discriminado e passa a ser apreciado pela elite brasileira, ocupando espa\u00e7o em suas requintadas adegas, o Sr. Ant\u00f4nio, com uma vasta bagagem na Agroind\u00fastria Canavieira, associa seus conhecimentos t\u00e9cnicos ao processo artesanal de produ\u00e7\u00e3o da cacha\u00e7a e em 1992, investe no projeto desse segmento dando origem a Cacha\u00e7a Bocaina, em Lavras, Sul de Minas Gerais.<\/p>\n<p>Com base na legisla\u00e7\u00e3o vigente de bebidas do Minist\u00e9rio da Agricultura Pecu\u00e1ria e Abastecimento (MAPA) e na pr\u00e1tica de produ\u00e7\u00e3o ao longo de seus mais de 20 anos de exist\u00eancia, a Cacha\u00e7a Bocaina estruturou todas as etapas da produ\u00e7\u00e3o, desde a mat\u00e9ria-prima, at\u00e9 a fase final, que \u00e9 o envelhecimento do destilado em mesclagem de ton\u00e9is de variadas madeiras, sendo o per\u00edodo maior no carvalho, conseq\u00fc\u00eancia que conferem a Cacha\u00e7a Bocaina, uma bebida de qualidade e paladar diferenciados.[\/vc_column_text][\/vc_column_inner][vc_column_inner width=&#8221;1\/6&#8243; offset=&#8221;vc_hidden-xs&#8221;][\/vc_column_inner][\/vc_row_inner][\/vc_column][\/vc_row][vc_row css_animation=&#8221;&#8221; row_type=&#8221;row&#8221; use_row_as_full_screen_section=&#8221;no&#8221; type=&#8221;full_width&#8221; angled_section=&#8221;no&#8221; text_align=&#8221;left&#8221; background_image_as_pattern=&#8221;without_pattern&#8221;][vc_column][vc_gallery type=&#8221;image_grid&#8221; images=&#8221;15457,15456,15463,15455,15454,15458,15459,15460,15462,15464&#8243; img_size=&#8221;500&#215;500&#8243; column_number=&#8221;5&#8243; grayscale=&#8221;yes&#8221; images_space=&#8221;gallery_without_space&#8221;][\/vc_column][\/vc_row]<\/p>\n","protected":false},"excerpt":{"rendered":"<p>[vc_row css_animation=&#8221;&#8221; row_type=&#8221;row&#8221; use_row_as_full_screen_section=&#8221;no&#8221; type=&#8221;full_width&#8221; angled_section=&#8221;no&#8221; text_align=&#8221;left&#8221; background_image_as_pattern=&#8221;without_pattern&#8221; css=&#8221;.vc_custom_1589611275185{padding-top: 75px !important;padding-bottom: 75px !important;}&#8221; z_index=&#8221;&#8221;][vc_column][vc_row_inner row_type=&#8221;row&#8221; type=&#8221;grid&#8221; text_align=&#8221;left&#8221; css_animation=&#8221;&#8221;][vc_column_inner width=&#8221;1\/6&#8243; offset=&#8221;vc_hidden-xs&#8221;][\/vc_column_inner][vc_column_inner width=&#8221;2\/3&#8243;][vc_column_text] Hist\u00f3ria Aproveitando o reconhecimento da cacha\u00e7a como bebida genuinamente brasileira e, o momento que esse destilado deixa de ser discriminado e passa a ser&#8230;<\/p>\n","protected":false},"author":1,"featured_media":0,"parent":0,"menu_order":0,"comment_status":"open","ping_status":"open","template":"full_width.php","meta":[],"yoast_head":"<!-- This site is optimized with the Yoast SEO plugin v20.6 - https:\/\/yoast.com\/wordpress\/plugins\/seo\/ -->\n<title>Nossa cacha\u00e7a &mdash; Cacha\u00e7a Bocaina<\/title>\n<meta name=\"robots\" content=\"index, follow, max-snippet:-1, max-image-preview:large, max-video-preview:-1\" \/>\n<link rel=\"canonical\" href=\"https:\/\/www.cachacabocaina.com.br\/bocaina\/nossa-cachaca\/\" \/>\n<meta property=\"og:locale\" content=\"pt_BR\" \/>\n<meta property=\"og:type\" content=\"article\" \/>\n<meta property=\"og:title\" content=\"Nossa cacha\u00e7a &mdash; Cacha\u00e7a Bocaina\" \/>\n<meta property=\"og:description\" content=\"[vc_row css_animation=&#8221;&#8221; row_type=&#8221;row&#8221; use_row_as_full_screen_section=&#8221;no&#8221; type=&#8221;full_width&#8221; angled_section=&#8221;no&#8221; text_align=&#8221;left&#8221; background_image_as_pattern=&#8221;without_pattern&#8221; css=&#8221;.vc_custom_1589611275185{padding-top: 75px !important;padding-bottom: 75px !important;}&#8221; z_index=&#8221;&#8221;][vc_column][vc_row_inner row_type=&#8221;row&#8221; type=&#8221;grid&#8221; text_align=&#8221;left&#8221; css_animation=&#8221;&#8221;][vc_column_inner width=&#8221;1\/6&#8243; offset=&#8221;vc_hidden-xs&#8221;][\/vc_column_inner][vc_column_inner width=&#8221;2\/3&#8243;][vc_column_text] Hist\u00f3ria Aproveitando o reconhecimento da cacha\u00e7a como bebida genuinamente brasileira e, o momento que esse destilado deixa de ser discriminado e passa a ser...\" \/>\n<meta property=\"og:url\" content=\"https:\/\/www.cachacabocaina.com.br\/bocaina\/nossa-cachaca\/\" \/>\n<meta property=\"og:site_name\" content=\"Cacha\u00e7a Bocaina\" \/>\n<meta property=\"article:publisher\" content=\"https:\/\/www.facebook.com\/cachacabocainaoficial\" \/>\n<meta property=\"article:modified_time\" content=\"2022-06-28T00:20:05+00:00\" \/>\n<meta name=\"twitter:card\" content=\"summary_large_image\" \/>\n<meta name=\"twitter:label1\" content=\"Est. tempo de leitura\" \/>\n\t<meta name=\"twitter:data1\" content=\"2 minutos\" \/>\n<script type=\"application\/ld+json\" class=\"yoast-schema-graph\">{\"@context\":\"https:\/\/schema.org\",\"@graph\":[{\"@type\":\"WebPage\",\"@id\":\"https:\/\/www.cachacabocaina.com.br\/bocaina\/nossa-cachaca\/\",\"url\":\"https:\/\/www.cachacabocaina.com.br\/bocaina\/nossa-cachaca\/\",\"name\":\"Nossa cacha\u00e7a &mdash; Cacha\u00e7a Bocaina\",\"isPartOf\":{\"@id\":\"https:\/\/www.cachacabocaina.com.br\/bocaina\/#website\"},\"datePublished\":\"2017-07-10T13:14:30+00:00\",\"dateModified\":\"2022-06-28T00:20:05+00:00\",\"breadcrumb\":{\"@id\":\"https:\/\/www.cachacabocaina.com.br\/bocaina\/nossa-cachaca\/#breadcrumb\"},\"inLanguage\":\"pt-BR\",\"potentialAction\":[{\"@type\":\"ReadAction\",\"target\":[\"https:\/\/www.cachacabocaina.com.br\/bocaina\/nossa-cachaca\/\"]}]},{\"@type\":\"BreadcrumbList\",\"@id\":\"https:\/\/www.cachacabocaina.com.br\/bocaina\/nossa-cachaca\/#breadcrumb\",\"itemListElement\":[{\"@type\":\"ListItem\",\"position\":1,\"name\":\"In\u00edcio\",\"item\":\"https:\/\/www.cachacabocaina.com.br\/bocaina\/\"},{\"@type\":\"ListItem\",\"position\":2,\"name\":\"Nossa cacha\u00e7a\"}]},{\"@type\":\"WebSite\",\"@id\":\"https:\/\/www.cachacabocaina.com.br\/bocaina\/#website\",\"url\":\"https:\/\/www.cachacabocaina.com.br\/bocaina\/\",\"name\":\"Cacha\u00e7a Bocaina\",\"description\":\"Cacha\u00e7a Artesanal do Sul de Minas\",\"publisher\":{\"@id\":\"https:\/\/www.cachacabocaina.com.br\/bocaina\/#organization\"},\"potentialAction\":[{\"@type\":\"SearchAction\",\"target\":{\"@type\":\"EntryPoint\",\"urlTemplate\":\"https:\/\/www.cachacabocaina.com.br\/bocaina\/?s={search_term_string}\"},\"query-input\":\"required name=search_term_string\"}],\"inLanguage\":\"pt-BR\"},{\"@type\":\"Organization\",\"@id\":\"https:\/\/www.cachacabocaina.com.br\/bocaina\/#organization\",\"name\":\"Cacha\u00e7a Bocaina\",\"url\":\"https:\/\/www.cachacabocaina.com.br\/bocaina\/\",\"logo\":{\"@type\":\"ImageObject\",\"inLanguage\":\"pt-BR\",\"@id\":\"https:\/\/www.cachacabocaina.com.br\/bocaina\/#\/schema\/logo\/image\/\",\"url\":\"https:\/\/www.cachacabocaina.com.br\/bocaina\/wp-content\/uploads\/2019\/07\/og-image.jpg\",\"contentUrl\":\"https:\/\/www.cachacabocaina.com.br\/bocaina\/wp-content\/uploads\/2019\/07\/og-image.jpg\",\"width\":1200,\"height\":628,\"caption\":\"Cacha\u00e7a Bocaina\"},\"image\":{\"@id\":\"https:\/\/www.cachacabocaina.com.br\/bocaina\/#\/schema\/logo\/image\/\"},\"sameAs\":[\"https:\/\/www.facebook.com\/cachacabocainaoficial\",\"http:\/\/instagram.com\/cachacabocainaoficial\"]}]}<\/script>\n<!-- \/ Yoast SEO plugin. -->","yoast_head_json":{"title":"Nossa cacha\u00e7a &mdash; Cacha\u00e7a Bocaina","robots":{"index":"index","follow":"follow","max-snippet":"max-snippet:-1","max-image-preview":"max-image-preview:large","max-video-preview":"max-video-preview:-1"},"canonical":"https:\/\/www.cachacabocaina.com.br\/bocaina\/nossa-cachaca\/","og_locale":"pt_BR","og_type":"article","og_title":"Nossa cacha\u00e7a &mdash; Cacha\u00e7a Bocaina","og_description":"[vc_row css_animation=&#8221;&#8221; row_type=&#8221;row&#8221; use_row_as_full_screen_section=&#8221;no&#8221; type=&#8221;full_width&#8221; angled_section=&#8221;no&#8221; text_align=&#8221;left&#8221; background_image_as_pattern=&#8221;without_pattern&#8221; css=&#8221;.vc_custom_1589611275185{padding-top: 75px !important;padding-bottom: 75px !important;}&#8221; z_index=&#8221;&#8221;][vc_column][vc_row_inner row_type=&#8221;row&#8221; type=&#8221;grid&#8221; text_align=&#8221;left&#8221; css_animation=&#8221;&#8221;][vc_column_inner width=&#8221;1\/6&#8243; offset=&#8221;vc_hidden-xs&#8221;][\/vc_column_inner][vc_column_inner width=&#8221;2\/3&#8243;][vc_column_text] Hist\u00f3ria Aproveitando o reconhecimento da cacha\u00e7a como bebida genuinamente brasileira e, o momento que esse destilado deixa de ser discriminado e passa a ser...","og_url":"https:\/\/www.cachacabocaina.com.br\/bocaina\/nossa-cachaca\/","og_site_name":"Cacha\u00e7a Bocaina","article_publisher":"https:\/\/www.facebook.com\/cachacabocainaoficial","article_modified_time":"2022-06-28T00:20:05+00:00","twitter_card":"summary_large_image","twitter_misc":{"Est. tempo de leitura":"2 minutos"},"schema":{"@context":"https:\/\/schema.org","@graph":[{"@type":"WebPage","@id":"https:\/\/www.cachacabocaina.com.br\/bocaina\/nossa-cachaca\/","url":"https:\/\/www.cachacabocaina.com.br\/bocaina\/nossa-cachaca\/","name":"Nossa cacha\u00e7a &mdash; Cacha\u00e7a Bocaina","isPartOf":{"@id":"https:\/\/www.cachacabocaina.com.br\/bocaina\/#website"},"datePublished":"2017-07-10T13:14:30+00:00","dateModified":"2022-06-28T00:20:05+00:00","breadcrumb":{"@id":"https:\/\/www.cachacabocaina.com.br\/bocaina\/nossa-cachaca\/#breadcrumb"},"inLanguage":"pt-BR","potentialAction":[{"@type":"ReadAction","target":["https:\/\/www.cachacabocaina.com.br\/bocaina\/nossa-cachaca\/"]}]},{"@type":"BreadcrumbList","@id":"https:\/\/www.cachacabocaina.com.br\/bocaina\/nossa-cachaca\/#breadcrumb","itemListElement":[{"@type":"ListItem","position":1,"name":"In\u00edcio","item":"https:\/\/www.cachacabocaina.com.br\/bocaina\/"},{"@type":"ListItem","position":2,"name":"Nossa cacha\u00e7a"}]},{"@type":"WebSite","@id":"https:\/\/www.cachacabocaina.com.br\/bocaina\/#website","url":"https:\/\/www.cachacabocaina.com.br\/bocaina\/","name":"Cacha\u00e7a Bocaina","description":"Cacha\u00e7a Artesanal do Sul de Minas","publisher":{"@id":"https:\/\/www.cachacabocaina.com.br\/bocaina\/#organization"},"potentialAction":[{"@type":"SearchAction","target":{"@type":"EntryPoint","urlTemplate":"https:\/\/www.cachacabocaina.com.br\/bocaina\/?s={search_term_string}"},"query-input":"required name=search_term_string"}],"inLanguage":"pt-BR"},{"@type":"Organization","@id":"https:\/\/www.cachacabocaina.com.br\/bocaina\/#organization","name":"Cacha\u00e7a Bocaina","url":"https:\/\/www.cachacabocaina.com.br\/bocaina\/","logo":{"@type":"ImageObject","inLanguage":"pt-BR","@id":"https:\/\/www.cachacabocaina.com.br\/bocaina\/#\/schema\/logo\/image\/","url":"https:\/\/www.cachacabocaina.com.br\/bocaina\/wp-content\/uploads\/2019\/07\/og-image.jpg","contentUrl":"https:\/\/www.cachacabocaina.com.br\/bocaina\/wp-content\/uploads\/2019\/07\/og-image.jpg","width":1200,"height":628,"caption":"Cacha\u00e7a Bocaina"},"image":{"@id":"https:\/\/www.cachacabocaina.com.br\/bocaina\/#\/schema\/logo\/image\/"},"sameAs":["https:\/\/www.facebook.com\/cachacabocainaoficial","http:\/\/instagram.com\/cachacabocainaoficial"]}]}},"_links":{"self":[{"href":"https:\/\/www.cachacabocaina.com.br\/bocaina\/wp-json\/wp\/v2\/pages\/15448"}],"collection":[{"href":"https:\/\/www.cachacabocaina.com.br\/bocaina\/wp-json\/wp\/v2\/pages"}],"about":[{"href":"https:\/\/www.cachacabocaina.com.br\/bocaina\/wp-json\/wp\/v2\/types\/page"}],"author":[{"embeddable":true,"href":"https:\/\/www.cachacabocaina.com.br\/bocaina\/wp-json\/wp\/v2\/users\/1"}],"replies":[{"embeddable":true,"href":"https:\/\/www.cachacabocaina.com.br\/bocaina\/wp-json\/wp\/v2\/comments?post=15448"}],"version-history":[{"count":12,"href":"https:\/\/www.cachacabocaina.com.br\/bocaina\/wp-json\/wp\/v2\/pages\/15448\/revisions"}],"predecessor-version":[{"id":15826,"href":"https:\/\/www.cachacabocaina.com.br\/bocaina\/wp-json\/wp\/v2\/pages\/15448\/revisions\/15826"}],"wp:attachment":[{"href":"https:\/\/www.cachacabocaina.com.br\/bocaina\/wp-json\/wp\/v2\/media?parent=15448"}],"curies":[{"name":"wp","href":"https:\/\/api.w.org\/{rel}","templated":true}]}}